{"id":1899,"date":"2023-02-11T00:38:06","date_gmt":"2023-02-11T03:38:06","guid":{"rendered":"https:\/\/agenciae.com.br\/?page_id=1899"},"modified":"2023-02-11T02:28:59","modified_gmt":"2023-02-11T05:28:59","slug":"portfolio","status":"publish","type":"page","link":"https:\/\/agenciae.com.br\/en\/portfolio\/","title":{"rendered":"Portf\u00f3lio"},"content":{"rendered":"<div data-elementor-type=\"wp-page\" data-elementor-id=\"1899\" class=\"elementor elementor-1899\" data-elementor-post-type=\"page\">\n\t\t\t\t\t\t<section class=\"elementor-section elementor-top-section elementor-element elementor-element-fedeba6 elementor-section-full_width elementor-section-content-middle elementor-section-height-default elementor-section-height-default\" data-id=\"fedeba6\" data-element_type=\"section\">\n\t\t\t\t\t\t<div class=\"elementor-container elementor-column-gap-default\">\n\t\t\t\t\t<div class=\"elementor-column elementor-col-100 elementor-top-column elementor-element elementor-element-e977928\" data-id=\"e977928\" data-element_type=\"column\">\n\t\t\t<div class=\"elementor-widget-wrap elementor-element-populated\">\n\t\t\t\t\t\t<div class=\"elementor-element elementor-element-fc9d054 elementor-widget elementor-widget-heading\" data-id=\"fc9d054\" data-element_type=\"widget\" data-widget_type=\"heading.default\">\n\t\t\t\t<div class=\"elementor-widget-container\">\n\t\t\t<style>\/*! elementor - v3.23.0 - 05-08-2024 *\/\n.elementor-heading-title{padding:0;margin:0;line-height:1}.elementor-widget-heading .elementor-heading-title[class*=elementor-size-]>a{color:inherit;font-size:inherit;line-height:inherit}.elementor-widget-heading .elementor-heading-title.elementor-size-small{font-size:15px}.elementor-widget-heading .elementor-heading-title.elementor-size-medium{font-size:19px}.elementor-widget-heading .elementor-heading-title.elementor-size-large{font-size:29px}.elementor-widget-heading .elementor-heading-title.elementor-size-xl{font-size:39px}.elementor-widget-heading .elementor-heading-title.elementor-size-xxl{font-size:59px}<\/style><h2 class=\"elementor-heading-title elementor-size-default\">OUR PORTFOLIO<\/h2>\t\t<\/div>\n\t\t\t\t<\/div>\n\t\t\t\t\t<\/div>\n\t\t<\/div>\n\t\t\t\t\t<\/div>\n\t\t<\/section>\n\t\t\t\t<section class=\"elementor-section elementor-top-section elementor-element elementor-element-42b426b elementor-section-boxed elementor-section-height-default elementor-section-height-default\" data-id=\"42b426b\" data-element_type=\"section\">\n\t\t\t\t\t\t<div class=\"elementor-container elementor-column-gap-default\">\n\t\t\t\t\t<div class=\"elementor-column elementor-col-100 elementor-top-column elementor-element elementor-element-37505c2\" data-id=\"37505c2\" data-element_type=\"column\">\n\t\t\t<div class=\"elementor-widget-wrap elementor-element-populated\">\n\t\t\t\t\t\t<div class=\"elementor-element elementor-element-db23979 elementor-grid-3 elementor-grid-tablet-2 elementor-grid-mobile-1 elementor-posts--thumbnail-top elementor-card-shadow-yes elementor-posts__hover-gradient elementor-widget elementor-widget-posts\" data-id=\"db23979\" data-element_type=\"widget\" data-settings=\"{&quot;cards_row_gap&quot;:{&quot;unit&quot;:&quot;px&quot;,&quot;size&quot;:15,&quot;sizes&quot;:[]},&quot;pagination_type&quot;:&quot;numbers_and_prev_next&quot;,&quot;cards_columns&quot;:&quot;3&quot;,&quot;cards_columns_tablet&quot;:&quot;2&quot;,&quot;cards_columns_mobile&quot;:&quot;1&quot;,&quot;cards_row_gap_tablet&quot;:{&quot;unit&quot;:&quot;px&quot;,&quot;size&quot;:&quot;&quot;,&quot;sizes&quot;:[]},&quot;cards_row_gap_mobile&quot;:{&quot;unit&quot;:&quot;px&quot;,&quot;size&quot;:&quot;&quot;,&quot;sizes&quot;:[]}}\" data-widget_type=\"posts.cards\">\n\t\t\t\t<div class=\"elementor-widget-container\">\n\t\t\t<link rel=\"stylesheet\" href=\"https:\/\/agenciae.com.br\/wp-content\/plugins\/elementor-pro\/assets\/css\/widget-posts.min.css?ver=1724850509\">\t\t<div class=\"elementor-posts-container elementor-posts elementor-posts--skin-cards elementor-grid\">\n\t\t\t\t<article class=\"elementor-post elementor-grid-item post-2067 post type-post status-publish format-standard has-post-thumbnail hentry category-sem-categoria\">\n\t\t\t<div class=\"elementor-post__card\">\n\t\t\t\t<a class=\"elementor-post__thumbnail__link\" href=\"https:\/\/agenciae.com.br\/en\/copa-do-mundo-da-fifa-brasil-2014\/\" tabindex=\"-1\" ><div class=\"elementor-post__thumbnail\"><img fetchpriority=\"high\" decoding=\"async\" width=\"730\" height=\"581\" src=\"https:\/\/agenciae.com.br\/wp-content\/uploads\/2023\/02\/Copa-do-Mundo-FIFA-Brasil-2014.png\" class=\"attachment-medium_large size-medium_large wp-image-1563\" alt=\"\" srcset=\"https:\/\/agenciae.com.br\/wp-content\/uploads\/2023\/02\/Copa-do-Mundo-FIFA-Brasil-2014.png 730w, https:\/\/agenciae.com.br\/wp-content\/uploads\/2023\/02\/Copa-do-Mundo-FIFA-Brasil-2014-300x239.png 300w\" sizes=\"(max-width: 730px) 100vw, 730px\" \/><\/div><\/a>\n\t\t\t\t<div class=\"elementor-post__text\">\n\t\t\t\t<h3 class=\"elementor-post__title\">\n\t\t\t<a href=\"https:\/\/agenciae.com.br\/en\/copa-do-mundo-da-fifa-brasil-2014\/\" >\n\t\t\t\tThe 2014 FIFA WORLD CUP BRAZIL\t\t\t<\/a>\n\t\t<\/h3>\n\t\t\n\t\t<a class=\"elementor-post__read-more\" href=\"https:\/\/agenciae.com.br\/en\/copa-do-mundo-da-fifa-brasil-2014\/\" aria-label=\"Read more about COPA DO MUNDO DA FIFA BRASIL 2014\" tabindex=\"-1\" >\n\t\t\tREAD MORE \u00bb\t\t<\/a>\n\n\t\t\t\t<\/div>\n\t\t\t\t\t<\/div>\n\t\t<\/article>\n\t\t\t\t<article class=\"elementor-post elementor-grid-item post-1565 post type-post status-publish format-standard has-post-thumbnail hentry category-sem-categoria\">\n\t\t\t<div class=\"elementor-post__card\">\n\t\t\t\t<a class=\"elementor-post__thumbnail__link\" href=\"https:\/\/agenciae.com.br\/en\/arena-da-amazonia\/\" tabindex=\"-1\" ><div class=\"elementor-post__thumbnail\"><img decoding=\"async\" width=\"768\" height=\"449\" src=\"https:\/\/agenciae.com.br\/wp-content\/uploads\/2023\/02\/Arena-da-Amazonia-768x449.png\" class=\"attachment-medium_large size-medium_large wp-image-1566\" alt=\"\" srcset=\"https:\/\/agenciae.com.br\/wp-content\/uploads\/2023\/02\/Arena-da-Amazonia-768x449.png 768w, https:\/\/agenciae.com.br\/wp-content\/uploads\/2023\/02\/Arena-da-Amazonia-300x175.png 300w, https:\/\/agenciae.com.br\/wp-content\/uploads\/2023\/02\/Arena-da-Amazonia.png 994w\" sizes=\"(max-width: 768px) 100vw, 768px\" \/><\/div><\/a>\n\t\t\t\t<div class=\"elementor-post__text\">\n\t\t\t\t<h3 class=\"elementor-post__title\">\n\t\t\t<a href=\"https:\/\/agenciae.com.br\/en\/arena-da-amazonia\/\" >\n\t\t\t\tTHE AMAZON ARENA\t\t\t<\/a>\n\t\t<\/h3>\n\t\t\n\t\t<a class=\"elementor-post__read-more\" href=\"https:\/\/agenciae.com.br\/en\/arena-da-amazonia\/\" aria-label=\"Read more about ARENA DA AMAZ\u00d4NIA\" tabindex=\"-1\" >\n\t\t\tREAD MORE \u00bb\t\t<\/a>\n\n\t\t\t\t<\/div>\n\t\t\t\t\t<\/div>\n\t\t<\/article>\n\t\t\t\t<article class=\"elementor-post elementor-grid-item post-1559 post type-post status-publish format-standard has-post-thumbnail hentry category-sem-categoria\">\n\t\t\t<div class=\"elementor-post__card\">\n\t\t\t\t<a class=\"elementor-post__thumbnail__link\" href=\"https:\/\/agenciae.com.br\/en\/orla-da-cidade-de-novo-airao\/\" tabindex=\"-1\" ><div class=\"elementor-post__thumbnail\"><img decoding=\"async\" width=\"768\" height=\"431\" src=\"https:\/\/agenciae.com.br\/wp-content\/uploads\/2023\/02\/Orla-da-Cidade-de-Novo-Airao-768x431-1.png\" class=\"attachment-medium_large size-medium_large wp-image-1560\" alt=\"\" srcset=\"https:\/\/agenciae.com.br\/wp-content\/uploads\/2023\/02\/Orla-da-Cidade-de-Novo-Airao-768x431-1.png 768w, https:\/\/agenciae.com.br\/wp-content\/uploads\/2023\/02\/Orla-da-Cidade-de-Novo-Airao-768x431-1-300x168.png 300w\" sizes=\"(max-width: 768px) 100vw, 768px\" \/><\/div><\/a>\n\t\t\t\t<div class=\"elementor-post__text\">\n\t\t\t\t<h3 class=\"elementor-post__title\">\n\t\t\t<a href=\"https:\/\/agenciae.com.br\/en\/orla-da-cidade-de-novo-airao\/\" >\n\t\t\t\tEdge of the municipality of Novo Air\u00e3o\t\t\t<\/a>\n\t\t<\/h3>\n\t\t\n\t\t<a class=\"elementor-post__read-more\" href=\"https:\/\/agenciae.com.br\/en\/orla-da-cidade-de-novo-airao\/\" aria-label=\"Read more about ORLA DA CIDADE DE NOVO AIR\u00c3O\" tabindex=\"-1\" >\n\t\t\tREAD MORE \u00bb\t\t<\/a>\n\n\t\t\t\t<\/div>\n\t\t\t\t\t<\/div>\n\t\t<\/article>\n\t\t\t\t<article class=\"elementor-post elementor-grid-item post-1556 post type-post status-publish format-standard has-post-thumbnail hentry category-sem-categoria\">\n\t\t\t<div class=\"elementor-post__card\">\n\t\t\t\t<a class=\"elementor-post__thumbnail__link\" href=\"https:\/\/agenciae.com.br\/en\/cidade-universitaria-do-amazonas\/\" tabindex=\"-1\" ><div class=\"elementor-post__thumbnail\"><img loading=\"lazy\" decoding=\"async\" width=\"640\" height=\"480\" src=\"https:\/\/agenciae.com.br\/wp-content\/uploads\/2023\/02\/Cidade-Universitaria-do-Amazonas_mv2.png\" class=\"attachment-medium_large size-medium_large wp-image-1557\" alt=\"\" srcset=\"https:\/\/agenciae.com.br\/wp-content\/uploads\/2023\/02\/Cidade-Universitaria-do-Amazonas_mv2.png 640w, https:\/\/agenciae.com.br\/wp-content\/uploads\/2023\/02\/Cidade-Universitaria-do-Amazonas_mv2-300x225.png 300w\" sizes=\"(max-width: 640px) 100vw, 640px\" \/><\/div><\/a>\n\t\t\t\t<div class=\"elementor-post__text\">\n\t\t\t\t<h3 class=\"elementor-post__title\">\n\t\t\t<a href=\"https:\/\/agenciae.com.br\/en\/cidade-universitaria-do-amazonas\/\" >\n\t\t\t\tThe University City of Amazonas\t\t\t<\/a>\n\t\t<\/h3>\n\t\t\n\t\t<a class=\"elementor-post__read-more\" href=\"https:\/\/agenciae.com.br\/en\/cidade-universitaria-do-amazonas\/\" aria-label=\"Read more about CIDADE UNIVERSIT\u00c1RIA DO AMAZONAS\" tabindex=\"-1\" >\n\t\t\tREAD MORE \u00bb\t\t<\/a>\n\n\t\t\t\t<\/div>\n\t\t\t\t\t<\/div>\n\t\t<\/article>\n\t\t\t\t<article class=\"elementor-post elementor-grid-item post-1548 post type-post status-publish format-standard has-post-thumbnail hentry category-sem-categoria\">\n\t\t\t<div class=\"elementor-post__card\">\n\t\t\t\t<a class=\"elementor-post__thumbnail__link\" href=\"https:\/\/agenciae.com.br\/en\/programa-social-e-ambiental-dos-igarapes\/\" tabindex=\"-1\" ><div class=\"elementor-post__thumbnail\"><img loading=\"lazy\" decoding=\"async\" width=\"768\" height=\"428\" src=\"https:\/\/agenciae.com.br\/wp-content\/uploads\/2023\/02\/Programa-Social-e-Ambiental-dos-Igarapes-768x428.png\" class=\"attachment-medium_large size-medium_large wp-image-1549\" alt=\"\" srcset=\"https:\/\/agenciae.com.br\/wp-content\/uploads\/2023\/02\/Programa-Social-e-Ambiental-dos-Igarapes-768x428.png 768w, https:\/\/agenciae.com.br\/wp-content\/uploads\/2023\/02\/Programa-Social-e-Ambiental-dos-Igarapes-300x167.png 300w, https:\/\/agenciae.com.br\/wp-content\/uploads\/2023\/02\/Programa-Social-e-Ambiental-dos-Igarapes.png 1014w\" sizes=\"(max-width: 768px) 100vw, 768px\" \/><\/div><\/a>\n\t\t\t\t<div class=\"elementor-post__text\">\n\t\t\t\t<h3 class=\"elementor-post__title\">\n\t\t\t<a href=\"https:\/\/agenciae.com.br\/en\/programa-social-e-ambiental-dos-igarapes\/\" >\n\t\t\t\tSOCIAL AND ENVIRONMENTAL PROGRAMME OF THE IGARAP\u00c9S\t\t\t<\/a>\n\t\t<\/h3>\n\t\t\n\t\t<a class=\"elementor-post__read-more\" href=\"https:\/\/agenciae.com.br\/en\/programa-social-e-ambiental-dos-igarapes\/\" aria-label=\"Read more about PROGRAMA SOCIAL E AMBIENTAL DOS IGARAP\u00c9S\" tabindex=\"-1\" >\n\t\t\tREAD MORE \u00bb\t\t<\/a>\n\n\t\t\t\t<\/div>\n\t\t\t\t\t<\/div>\n\t\t<\/article>\n\t\t\t\t<article class=\"elementor-post elementor-grid-item post-1517 post type-post status-publish format-standard has-post-thumbnail hentry category-sem-categoria\">\n\t\t\t<div class=\"elementor-post__card\">\n\t\t\t\t<a class=\"elementor-post__thumbnail__link\" href=\"https:\/\/agenciae.com.br\/en\/instituto-de-inteligencia-socioambiental-estrategica-da-amazonia\/\" tabindex=\"-1\" ><div class=\"elementor-post__thumbnail\"><img loading=\"lazy\" decoding=\"async\" width=\"768\" height=\"299\" src=\"https:\/\/agenciae.com.br\/wp-content\/uploads\/2023\/02\/Instituto-de-Inteligencia-Socioambiental-Estrategica-da-Amazonia-768x299.png\" class=\"attachment-medium_large size-medium_large wp-image-1506\" alt=\"\" srcset=\"https:\/\/agenciae.com.br\/wp-content\/uploads\/2023\/02\/Instituto-de-Inteligencia-Socioambiental-Estrategica-da-Amazonia-768x299.png 768w, https:\/\/agenciae.com.br\/wp-content\/uploads\/2023\/02\/Instituto-de-Inteligencia-Socioambiental-Estrategica-da-Amazonia-300x117.png 300w, https:\/\/agenciae.com.br\/wp-content\/uploads\/2023\/02\/Instituto-de-Inteligencia-Socioambiental-Estrategica-da-Amazonia.png 1014w\" sizes=\"(max-width: 768px) 100vw, 768px\" \/><\/div><\/a>\n\t\t\t\t<div class=\"elementor-post__text\">\n\t\t\t\t<h3 class=\"elementor-post__title\">\n\t\t\t<a href=\"https:\/\/agenciae.com.br\/en\/instituto-de-inteligencia-socioambiental-estrategica-da-amazonia\/\" >\n\t\t\t\tThe Institute of Environmental Protection of \nAmazonas (IPAAM)\t\t\t<\/a>\n\t\t<\/h3>\n\t\t\n\t\t<a class=\"elementor-post__read-more\" href=\"https:\/\/agenciae.com.br\/en\/instituto-de-inteligencia-socioambiental-estrategica-da-amazonia\/\" aria-label=\"Read more about INSTITUTO DE INTELIG\u00caNCIA SOCIOAMBIENTAL ESTRAT\u00c9GICA DA AMAZ\u00d4NIA\" tabindex=\"-1\" >\n\t\t\tREAD MORE \u00bb\t\t<\/a>\n\n\t\t\t\t<\/div>\n\t\t\t\t\t<\/div>\n\t\t<\/article>\n\t\t\t\t<\/div>\n\t\t\n\t\t\t\t<div class=\"e-load-more-anchor\" data-page=\"1\" data-max-page=\"2\" data-next-page=\"https:\/\/agenciae.com.br\/en\/wp-json\/wp\/v2\/pages\/1899\/page\/2\/\"><\/div>\n\t\t\t\t<nav class=\"elementor-pagination\" aria-label=\"Pagination\">\n\t\t\t<span class=\"page-numbers prev\">\u00ab Previous<\/span>\n<span aria-current=\"page\" class=\"page-numbers current\"><span class=\"elementor-screen-only\">Page<\/span>1<\/span>\n<a class=\"page-numbers\" href=\"https:\/\/agenciae.com.br\/en\/wp-json\/wp\/v2\/pages\/1899\/page\/2\/\"><span class=\"elementor-screen-only\">Page<\/span>2<\/a>\n<a class=\"page-numbers next\" href=\"https:\/\/agenciae.com.br\/en\/wp-json\/wp\/v2\/pages\/1899\/page\/2\/\">Next \u00bb<\/a>\t\t<\/nav>\n\t\t\t\t<\/div>\n\t\t\t\t<\/div>\n\t\t\t\t\t<\/div>\n\t\t<\/div>\n\t\t\t\t\t<\/div>\n\t\t<\/section>\n\t\t\t\t<\/div>","protected":false},"excerpt":{"rendered":"<p>OUR PORTFOLIO<\/p>","protected":false},"author":1,"featured_media":0,"parent":0,"menu_order":0,"comment_status":"closed","ping_status":"closed","template":"elementor_header_footer","meta":{"footnotes":""},"class_list":["post-1899","page","type-page","status-publish","hentry"],"_links":{"self":[{"href":"https:\/\/agenciae.com.br\/en\/wp-json\/wp\/v2\/pages\/1899"}],"collection":[{"href":"https:\/\/agenciae.com.br\/en\/wp-json\/wp\/v2\/pages"}],"about":[{"href":"https:\/\/agenciae.com.br\/en\/wp-json\/wp\/v2\/types\/page"}],"author":[{"embeddable":true,"href":"https:\/\/agenciae.com.br\/en\/wp-json\/wp\/v2\/users\/1"}],"replies":[{"embeddable":true,"href":"https:\/\/agenciae.com.br\/en\/wp-json\/wp\/v2\/comments?post=1899"}],"version-history":[{"count":0,"href":"https:\/\/agenciae.com.br\/en\/wp-json\/wp\/v2\/pages\/1899\/revisions"}],"wp:attachment":[{"href":"https:\/\/agenciae.com.br\/en\/wp-json\/wp\/v2\/media?parent=1899"}],"curies":[{"name":"wp","href":"https:\/\/api.w.org\/{rel}","templated":true}]}}