{"id":1467,"date":"2023-02-09T17:54:07","date_gmt":"2023-02-09T20:54:07","guid":{"rendered":"https:\/\/agenciae.com.br\/?page_id=1467"},"modified":"2023-08-17T14:31:24","modified_gmt":"2023-08-17T17:31:24","slug":"visao","status":"publish","type":"page","link":"https:\/\/agenciae.com.br\/es\/visao\/","title":{"rendered":"Vis\u00e3o"},"content":{"rendered":"<p>Somos uma empresa reconhecida pela qualidade, agilidade e efici\u00eancia dos servi\u00e7os de engenharia &amp; arquitetura, buscando alcan\u00e7ar uma posi\u00e7\u00e3o de maior destaque no nosso ambiente de neg\u00f3cio nos cen\u00e1rios local e nacional, atrav\u00e9s da excel\u00eancia, efetividade, transpar\u00eancia e \u00e9tica nas rela\u00e7\u00f5es com as partes interessadas.<\/p>\n\n\n\n<p>Trabalhamos para construir a marca \u201cAg\u00eancia E\u201d como Top of Mind no mercado em que atuamos.<\/p>","protected":false},"excerpt":{"rendered":"<p>Somos uma empresa reconhecida pela sua efici\u00eancia e queremos alcan\u00e7ar uma posi\u00e7\u00e3o de destaque no mercado em contexto nacional e internacional, atrav\u00e9s da excel\u00eancia, transpar\u00eancia e efic\u00e1cia dos nossos servi\u00e7os.<\/p>","protected":false},"author":3,"featured_media":1471,"parent":0,"menu_order":0,"comment_status":"closed","ping_status":"closed","template":"","meta":{"footnotes":""},"class_list":["post-1467","page","type-page","status-publish","has-post-thumbnail","hentry"],"_links":{"self":[{"href":"https:\/\/agenciae.com.br\/es\/wp-json\/wp\/v2\/pages\/1467"}],"collection":[{"href":"https:\/\/agenciae.com.br\/es\/wp-json\/wp\/v2\/pages"}],"about":[{"href":"https:\/\/agenciae.com.br\/es\/wp-json\/wp\/v2\/types\/page"}],"author":[{"embeddable":true,"href":"https:\/\/agenciae.com.br\/es\/wp-json\/wp\/v2\/users\/3"}],"replies":[{"embeddable":true,"href":"https:\/\/agenciae.com.br\/es\/wp-json\/wp\/v2\/comments?post=1467"}],"version-history":[{"count":1,"href":"https:\/\/agenciae.com.br\/es\/wp-json\/wp\/v2\/pages\/1467\/revisions"}],"predecessor-version":[{"id":2227,"href":"https:\/\/agenciae.com.br\/es\/wp-json\/wp\/v2\/pages\/1467\/revisions\/2227"}],"wp:featuredmedia":[{"embeddable":true,"href":"https:\/\/agenciae.com.br\/es\/wp-json\/wp\/v2\/media\/1471"}],"wp:attachment":[{"href":"https:\/\/agenciae.com.br\/es\/wp-json\/wp\/v2\/media?parent=1467"}],"curies":[{"name":"wp","href":"https:\/\/api.w.org\/{rel}","templated":true}]}}