{"id":1473,"date":"2023-02-09T17:57:13","date_gmt":"2023-02-09T20:57:13","guid":{"rendered":"https:\/\/agenciae.com.br\/?page_id=1473"},"modified":"2023-08-17T14:30:55","modified_gmt":"2023-08-17T17:30:55","slug":"valores","status":"publish","type":"page","link":"https:\/\/agenciae.com.br\/es\/valores\/","title":{"rendered":"Valores"},"content":{"rendered":"<p><strong>Paix\u00e3o e sonho:<\/strong>&nbsp;sentir e transmitir paix\u00e3o e sonho na execu\u00e7\u00e3o dos nossos servi\u00e7os, estimulando a\u00e7\u00f5es e decis\u00f5es com base na delega\u00e7\u00e3o de poder e nos valores \u00e9ticos e morais;<\/p>\n\n\n\n<p><strong>Excel\u00eancia:<\/strong>&nbsp;a qualidade \u00e9 um valor inerente aos nossos interesses, o qual entendemos ser o \u00fanico caminho para atingirmos os resultados pretendidos;<\/p>\n\n\n\n<p><strong>Inova\u00e7\u00e3o:<\/strong>&nbsp;a Ag\u00eancia E aposta na inova\u00e7\u00e3o de seus processos e sistemas de trabalho com o objetivo de oferecer aos clientes servi\u00e7os de qualidade superior e inovadores, agregando maior valor ao produto;<\/p>\n\n\n\n<p><strong>Colabora\u00e7\u00e3o:<\/strong>&nbsp;equipe focada na capacidade de satisfazer o cliente; Flexibilidade: caracter\u00edstica que permite agilidade nas tomadas de decis\u00e3o, atrav\u00e9s de uma grande autonomia&nbsp;funcional.<\/p>","protected":false},"excerpt":{"rendered":"<p>Paix\u00e3o e sonho, Inova\u00e7\u00e3o, Excel\u00eancia, Flexibilidade e Colabora\u00e7\u00e3o. +<\/p>","protected":false},"author":3,"featured_media":1472,"parent":0,"menu_order":0,"comment_status":"closed","ping_status":"closed","template":"","meta":{"footnotes":""},"class_list":["post-1473","page","type-page","status-publish","has-post-thumbnail","hentry"],"_links":{"self":[{"href":"https:\/\/agenciae.com.br\/es\/wp-json\/wp\/v2\/pages\/1473"}],"collection":[{"href":"https:\/\/agenciae.com.br\/es\/wp-json\/wp\/v2\/pages"}],"about":[{"href":"https:\/\/agenciae.com.br\/es\/wp-json\/wp\/v2\/types\/page"}],"author":[{"embeddable":true,"href":"https:\/\/agenciae.com.br\/es\/wp-json\/wp\/v2\/users\/3"}],"replies":[{"embeddable":true,"href":"https:\/\/agenciae.com.br\/es\/wp-json\/wp\/v2\/comments?post=1473"}],"version-history":[{"count":1,"href":"https:\/\/agenciae.com.br\/es\/wp-json\/wp\/v2\/pages\/1473\/revisions"}],"predecessor-version":[{"id":2225,"href":"https:\/\/agenciae.com.br\/es\/wp-json\/wp\/v2\/pages\/1473\/revisions\/2225"}],"wp:featuredmedia":[{"embeddable":true,"href":"https:\/\/agenciae.com.br\/es\/wp-json\/wp\/v2\/media\/1472"}],"wp:attachment":[{"href":"https:\/\/agenciae.com.br\/es\/wp-json\/wp\/v2\/media?parent=1473"}],"curies":[{"name":"wp","href":"https:\/\/api.w.org\/{rel}","templated":true}]}}